{"id":300,"date":"2023-09-26T10:55:38","date_gmt":"2023-09-26T13:55:38","guid":{"rendered":"https:\/\/reserva.leandrotransporteses.com.br\/?page_id=300"},"modified":"2023-09-27T18:53:24","modified_gmt":"2023-09-27T21:53:24","slug":"sobre-nos","status":"publish","type":"page","link":"https:\/\/reserva.leandrotransporteses.com.br\/pt_br\/sobre-nos\/","title":{"rendered":"Sobre n\u00f3s"},"content":{"rendered":"\t\t<div data-elementor-type=\"wp-page\" data-elementor-id=\"300\" class=\"elementor elementor-300\">\n\t\t\t\t<div class=\"elementor-element elementor-element-f66ca4f e-flex e-con-boxed e-con e-parent\" data-id=\"f66ca4f\" data-element_type=\"container\" data-settings=\"{&quot;background_background&quot;:&quot;classic&quot;}\">\n\t\t\t\t\t<div class=\"e-con-inner\">\n\t\t\t\t\t<\/div>\n\t\t\t\t<\/div>\n\t\t<div class=\"elementor-element elementor-element-95a62fd e-flex e-con-boxed e-con e-parent\" data-id=\"95a62fd\" data-element_type=\"container\">\n\t\t\t\t\t<div class=\"e-con-inner\">\n\t\t<div class=\"elementor-element elementor-element-6b7c7a0 e-con-full e-flex e-con e-parent\" data-id=\"6b7c7a0\" data-element_type=\"container\">\n\t\t\t\t<div class=\"elementor-element elementor-element-732e5fe elementor-widget elementor-widget-text-editor\" data-id=\"732e5fe\" data-element_type=\"widget\" data-widget_type=\"text-editor.default\">\n\t\t\t\t\t\t\t\t\t<p>A empresa Leandro Transporte Escolar e Turismo surgiu em 2013 com o prop\u00f3sito de trabalhar com transporte escolar, com o passar do tempo surgiu a necessidade de aumentar a frota para atender os passageiros que buscavam realizar viagens de turismo dentro do Estado para passeios de equipes de rapel e ciclismo, festas shows e casamentos.<\/p><p>Em 2021, a empresa fechou um contrato para transportar colaboradores de Guriri e regi\u00e3o at\u00e9 Vit\u00f3ria diariamente, no qual estamos atuando at\u00e9 a presente data com viagens di\u00e1ria para Vit\u00f3ria.<\/p><p>Nosso objetivo \u00e9 transportar as pessoas com conforto, seguran\u00e7a\u00a0e\u00a0pontualidade.<\/p>\t\t\t\t\t\t\t\t<\/div>\n\t\t\t\t<\/div>\n\t\t<div class=\"elementor-element elementor-element-982900c e-con-full e-flex e-con e-parent\" data-id=\"982900c\" data-element_type=\"container\">\n\t\t\t\t<div class=\"elementor-element elementor-element-ed5bd5a elementor-widget elementor-widget-heading\" data-id=\"ed5bd5a\" data-element_type=\"widget\" data-widget_type=\"heading.default\">\n\t\t\t\t\t<h2 class=\"elementor-heading-title elementor-size-default\">Fa\u00e7a parte:<\/h2>\t\t\t\t<\/div>\n\t\t\t\t<div class=\"elementor-element elementor-element-7851d7b elementor-widget elementor-widget-form\" data-id=\"7851d7b\" data-element_type=\"widget\" data-widget_type=\"form.default\">\n\t\t\t\t<div class=\"elementor-widget-container\">\n\t\t\t\t\t \t\t\t\t<\/div>\n\t\t\t\t<\/div>\n\t\t\t\t<\/div>\n\t\t\t\t\t<\/div>\n\t\t\t\t<\/div>\n\t\t<div class=\"elementor-element elementor-element-04441b5 e-flex e-con-boxed e-con e-parent\" data-id=\"04441b5\" data-element_type=\"container\">\n\t\t\t\t\t<div class=\"e-con-inner\">\n\t\t<div class=\"elementor-element elementor-element-eb0cf6b e-con-full e-flex e-con e-parent\" data-id=\"eb0cf6b\" data-element_type=\"container\">\n\t\t\t\t<div class=\"elementor-element elementor-element-e5a88c5 elementor-widget elementor-widget-lottie\" data-id=\"e5a88c5\" data-element_type=\"widget\" data-widget_type=\"lottie.default\">\n\t\t\t\t<div class=\"elementor-widget-container\">\n\t\t\t\t\t \t\t\t\t<\/div>\n\t\t\t\t<\/div>\n\t\t\t\t<\/div>\n\t\t<div class=\"elementor-element elementor-element-b8d7c6a e-con-full e-flex e-con e-parent\" data-id=\"b8d7c6a\" data-element_type=\"container\">\n\t\t\t\t<\/div>\n\t\t\t\t\t<\/div>\n\t\t\t\t<\/div>\n\t\t\t\t<\/div>\n\t\t","protected":false},"excerpt":{"rendered":"<p>A empresa Leandro Transporte Escolar e Turismo surgiu em 2013 com o prop\u00f3sito de trabalhar com transporte escolar, com o passar do tempo surgiu a necessidade de aumentar a frota para atender os passageiros que buscavam realizar viagens de turismo dentro do Estado para passeios de equipes de rapel e ciclismo, festas shows e casamentos. [&hellip;]<\/p>\n","protected":false},"author":1,"featured_media":0,"parent":0,"menu_order":0,"comment_status":"closed","ping_status":"closed","template":"elementor_header_footer","meta":{"footnotes":""},"class_list":["post-300","page","type-page","status-publish","hentry"],"_links":{"self":[{"href":"https:\/\/reserva.leandrotransporteses.com.br\/pt_br\/wp-json\/wp\/v2\/pages\/300","targetHints":{"allow":["GET"]}}],"collection":[{"href":"https:\/\/reserva.leandrotransporteses.com.br\/pt_br\/wp-json\/wp\/v2\/pages"}],"about":[{"href":"https:\/\/reserva.leandrotransporteses.com.br\/pt_br\/wp-json\/wp\/v2\/types\/page"}],"author":[{"embeddable":true,"href":"https:\/\/reserva.leandrotransporteses.com.br\/pt_br\/wp-json\/wp\/v2\/users\/1"}],"replies":[{"embeddable":true,"href":"https:\/\/reserva.leandrotransporteses.com.br\/pt_br\/wp-json\/wp\/v2\/comments?post=300"}],"version-history":[{"count":18,"href":"https:\/\/reserva.leandrotransporteses.com.br\/pt_br\/wp-json\/wp\/v2\/pages\/300\/revisions"}],"predecessor-version":[{"id":499,"href":"https:\/\/reserva.leandrotransporteses.com.br\/pt_br\/wp-json\/wp\/v2\/pages\/300\/revisions\/499"}],"wp:attachment":[{"href":"https:\/\/reserva.leandrotransporteses.com.br\/pt_br\/wp-json\/wp\/v2\/media?parent=300"}],"curies":[{"name":"wp","href":"https:\/\/api.w.org\/{rel}","templated":true}]}}